{"id":47,"date":"2020-03-23T14:46:45","date_gmt":"2020-03-23T14:46:45","guid":{"rendered":"https:\/\/elektro-lengauer.at\/?page_id=47"},"modified":"2021-03-04T07:37:04","modified_gmt":"2021-03-04T07:37:04","slug":"elektrotechnik-lengauer","status":"publish","type":"page","link":"https:\/\/elektro-lengauer.at\/","title":{"rendered":""},"content":{"rendered":"<figure id=\"attachment_11\" aria-describedby=\"caption-attachment-11\" style=\"width: 420px\" class=\"wp-caption alignnone\"><img loading=\"lazy\" class=\"wp-image-11 \" src=\"https:\/\/elektro-lengauer.at\/wp-content\/uploads\/2020\/04\/IMG_5113-1024x768.jpg\" alt=\"\" width=\"420\" height=\"315\" \/><figcaption id=\"caption-attachment-11\" class=\"wp-caption-text\">Photovoltaikanlage, Wechselrichter, Stromspeicher, Montage, Installation, F\u00f6rderungsabwicklung &#8211; Alles aus einer Hand bei <strong>ELEKTROTECHNIK LENGAUER<\/strong>! \ud83d\udd27<\/p>\n<p>Montage m\u00f6glich auf Einfamilienhaus, Bauernhof, Wagenh\u00fctte, Freifl\u00e4che oder Tracker!<br \/>PV-Anlage produziert auch bei Stromausfall! Notstrom vom Stromspeicher und tags\u00fcber zus\u00e4tzlich von der Photovoltaikanlage!<\/p>\n<p>F\u00fcr n\u00e4here Infos einfach kurz telefonisch melden:<br \/>0650\/4445354<\/figcaption><\/figure>\n","protected":false},"excerpt":{"rendered":"","protected":false},"author":1,"featured_media":0,"parent":0,"menu_order":0,"comment_status":"closed","ping_status":"closed","template":"","meta":[],"_links":{"self":[{"href":"https:\/\/elektro-lengauer.at\/index.php?rest_route=\/wp\/v2\/pages\/47"}],"collection":[{"href":"https:\/\/elektro-lengauer.at\/index.php?rest_route=\/wp\/v2\/pages"}],"about":[{"href":"https:\/\/elektro-lengauer.at\/index.php?rest_route=\/wp\/v2\/types\/page"}],"author":[{"embeddable":true,"href":"https:\/\/elektro-lengauer.at\/index.php?rest_route=\/wp\/v2\/users\/1"}],"replies":[{"embeddable":true,"href":"https:\/\/elektro-lengauer.at\/index.php?rest_route=%2Fwp%2Fv2%2Fcomments&post=47"}],"version-history":[{"count":28,"href":"https:\/\/elektro-lengauer.at\/index.php?rest_route=\/wp\/v2\/pages\/47\/revisions"}],"predecessor-version":[{"id":127,"href":"https:\/\/elektro-lengauer.at\/index.php?rest_route=\/wp\/v2\/pages\/47\/revisions\/127"}],"wp:attachment":[{"href":"https:\/\/elektro-lengauer.at\/index.php?rest_route=%2Fwp%2Fv2%2Fmedia&parent=47"}],"curies":[{"name":"wp","href":"https:\/\/api.w.org\/{rel}","templated":true}]}}